{"id":1907,"date":"2026-02-20T17:55:12","date_gmt":"2026-02-20T22:55:12","guid":{"rendered":"https:\/\/tumobiliario.com\/?post_type=product&#038;p=1907"},"modified":"2026-02-20T17:55:12","modified_gmt":"2026-02-20T22:55:12","slug":"mesa-para-cafeteria-restaurante-y-negocio","status":"publish","type":"product","link":"https:\/\/tumobiliario.com\/index.php\/producto\/mesa-para-cafeteria-restaurante-y-negocio\/","title":{"rendered":"Mesa para cafeter\u00eda, restaurante y negocio"},"content":{"rendered":"<p><img decoding=\"async\" class=\"alignnone size-medium wp-image-1908\" src=\"https:\/\/tumobiliario.com\/wp-content\/uploads\/2026\/02\/Captura-de-pantalla-2026-02-19-213758-300x136.png\" alt=\"\" width=\"300\" height=\"136\" srcset=\"https:\/\/tumobiliario.com\/wp-content\/uploads\/2026\/02\/Captura-de-pantalla-2026-02-19-213758-300x136.png 300w, https:\/\/tumobiliario.com\/wp-content\/uploads\/2026\/02\/Captura-de-pantalla-2026-02-19-213758-768x349.png 768w, https:\/\/tumobiliario.com\/wp-content\/uploads\/2026\/02\/Captura-de-pantalla-2026-02-19-213758-600x273.png 600w, https:\/\/tumobiliario.com\/wp-content\/uploads\/2026\/02\/Captura-de-pantalla-2026-02-19-213758-64x29.png 64w, https:\/\/tumobiliario.com\/wp-content\/uploads\/2026\/02\/Captura-de-pantalla-2026-02-19-213758.png 871w\" sizes=\"(max-width: 300px) 100vw, 300px\" \/><\/p>\n<p>Mesas para cafeter\u00eda, seg\u00fan el dise\u00f1o que escojas<\/p>\n","protected":false},"excerpt":{"rendered":"<p>Mesas para cafeter\u00eda, seg\u00fan el dise\u00f1o que escojas<\/p>\n","protected":false},"featured_media":0,"template":"","meta":[],"product_brand":[],"product_cat":[18],"product_tag":[],"class_list":{"0":"post-1907","1":"product","2":"type-product","3":"status-publish","5":"product_cat-sin-categorizar","7":"first","8":"instock","9":"shipping-taxable","10":"product-type-simple"},"yoast_head":"<!-- This site is optimized with the Yoast SEO plugin v26.2 - https:\/\/yoast.com\/wordpress\/plugins\/seo\/ -->\n<title>Mesa para cafeter\u00eda, restaurante y negocio - TU MOBILIARIO<\/title>\n<meta name=\"robots\" content=\"index, follow, max-snippet:-1, max-image-preview:large, max-video-preview:-1\" \/>\n<link rel=\"canonical\" href=\"https:\/\/tumobiliario.com\/index.php\/producto\/mesa-para-cafeteria-restaurante-y-negocio\/\" \/>\n<meta property=\"og:locale\" content=\"es_ES\" \/>\n<meta property=\"og:type\" content=\"article\" \/>\n<meta property=\"og:title\" content=\"Mesa para cafeter\u00eda, restaurante y negocio - TU MOBILIARIO\" \/>\n<meta property=\"og:description\" content=\"Mesas para cafeter\u00eda, seg\u00fan el dise\u00f1o que escojas\" \/>\n<meta property=\"og:url\" content=\"https:\/\/tumobiliario.com\/index.php\/producto\/mesa-para-cafeteria-restaurante-y-negocio\/\" \/>\n<meta property=\"og:site_name\" content=\"TU MOBILIARIO\" \/>\n<meta property=\"og:image\" content=\"https:\/\/tumobiliario.com\/wp-content\/uploads\/2026\/02\/Captura-de-pantalla-2026-02-19-213758.png\" \/>\n\t<meta property=\"og:image:width\" content=\"871\" \/>\n\t<meta property=\"og:image:height\" content=\"396\" \/>\n\t<meta property=\"og:image:type\" content=\"image\/png\" \/>\n<meta name=\"twitter:card\" content=\"summary_large_image\" \/>\n<meta name=\"twitter:label1\" content=\"Tiempo de lectura\" \/>\n\t<meta name=\"twitter:data1\" content=\"1 minuto\" \/>\n<script type=\"application\/ld+json\" class=\"yoast-schema-graph\">{\"@context\":\"https:\/\/schema.org\",\"@graph\":[{\"@type\":\"WebPage\",\"@id\":\"https:\/\/tumobiliario.com\/index.php\/producto\/mesa-para-cafeteria-restaurante-y-negocio\/\",\"url\":\"https:\/\/tumobiliario.com\/index.php\/producto\/mesa-para-cafeteria-restaurante-y-negocio\/\",\"name\":\"Mesa para cafeter\u00eda, restaurante y negocio - TU MOBILIARIO\",\"isPartOf\":{\"@id\":\"https:\/\/tumobiliario.com\/#website\"},\"primaryImageOfPage\":{\"@id\":\"https:\/\/tumobiliario.com\/index.php\/producto\/mesa-para-cafeteria-restaurante-y-negocio\/#primaryimage\"},\"image\":{\"@id\":\"https:\/\/tumobiliario.com\/index.php\/producto\/mesa-para-cafeteria-restaurante-y-negocio\/#primaryimage\"},\"thumbnailUrl\":\"https:\/\/tumobiliario.com\/wp-content\/uploads\/2026\/02\/Captura-de-pantalla-2026-02-19-213758-300x136.png\",\"datePublished\":\"2026-02-20T22:55:12+00:00\",\"breadcrumb\":{\"@id\":\"https:\/\/tumobiliario.com\/index.php\/producto\/mesa-para-cafeteria-restaurante-y-negocio\/#breadcrumb\"},\"inLanguage\":\"es-CO\",\"potentialAction\":[{\"@type\":\"ReadAction\",\"target\":[\"https:\/\/tumobiliario.com\/index.php\/producto\/mesa-para-cafeteria-restaurante-y-negocio\/\"]}]},{\"@type\":\"ImageObject\",\"inLanguage\":\"es-CO\",\"@id\":\"https:\/\/tumobiliario.com\/index.php\/producto\/mesa-para-cafeteria-restaurante-y-negocio\/#primaryimage\",\"url\":\"https:\/\/tumobiliario.com\/wp-content\/uploads\/2026\/02\/Captura-de-pantalla-2026-02-19-213758.png\",\"contentUrl\":\"https:\/\/tumobiliario.com\/wp-content\/uploads\/2026\/02\/Captura-de-pantalla-2026-02-19-213758.png\",\"width\":871,\"height\":396},{\"@type\":\"BreadcrumbList\",\"@id\":\"https:\/\/tumobiliario.com\/index.php\/producto\/mesa-para-cafeteria-restaurante-y-negocio\/#breadcrumb\",\"itemListElement\":[{\"@type\":\"ListItem\",\"position\":1,\"name\":\"Inicio\",\"item\":\"https:\/\/tumobiliario.com\/\"},{\"@type\":\"ListItem\",\"position\":2,\"name\":\"Tienda\",\"item\":\"https:\/\/tumobiliario.com\/index.php\/tienda\/\"},{\"@type\":\"ListItem\",\"position\":3,\"name\":\"Mesa para cafeter\u00eda, restaurante y negocio\"}]},{\"@type\":\"WebSite\",\"@id\":\"https:\/\/tumobiliario.com\/#website\",\"url\":\"https:\/\/tumobiliario.com\/\",\"name\":\"TU MOBILIARIO\",\"description\":\"TU MOBILIARIO.COM, TODDO EN MOBILIARIO PARAA OFICINAS, RESTAURANTES Y CAFETER\u00cdAS, COLEGIOS, SECTOR SALUDD , SILLAS DDE OFICINA,, ESCRITORIOS,  DE OFICINA, LOCKERS , ARCHIVADORES , MEJORAMOS TU COTIZACI\u00d3N\",\"publisher\":{\"@id\":\"https:\/\/tumobiliario.com\/#organization\"},\"potentialAction\":[{\"@type\":\"SearchAction\",\"target\":{\"@type\":\"EntryPoint\",\"urlTemplate\":\"https:\/\/tumobiliario.com\/?s={search_term_string}\"},\"query-input\":{\"@type\":\"PropertyValueSpecification\",\"valueRequired\":true,\"valueName\":\"search_term_string\"}}],\"inLanguage\":\"es-CO\"},{\"@type\":\"Organization\",\"@id\":\"https:\/\/tumobiliario.com\/#organization\",\"name\":\"TU MOBILIARIO\",\"url\":\"https:\/\/tumobiliario.com\/\",\"logo\":{\"@type\":\"ImageObject\",\"inLanguage\":\"es-CO\",\"@id\":\"https:\/\/tumobiliario.com\/#\/schema\/logo\/image\/\",\"url\":\"https:\/\/tumobiliario.com\/wp-content\/uploads\/2025\/09\/tumobilaitio-2.gif\",\"contentUrl\":\"https:\/\/tumobiliario.com\/wp-content\/uploads\/2025\/09\/tumobilaitio-2.gif\",\"width\":2048,\"height\":334,\"caption\":\"TU MOBILIARIO\"},\"image\":{\"@id\":\"https:\/\/tumobiliario.com\/#\/schema\/logo\/image\/\"}}]}<\/script>\n<!-- \/ Yoast SEO plugin. -->","yoast_head_json":{"title":"Mesa para cafeter\u00eda, restaurante y negocio - TU MOBILIARIO","robots":{"index":"index","follow":"follow","max-snippet":"max-snippet:-1","max-image-preview":"max-image-preview:large","max-video-preview":"max-video-preview:-1"},"canonical":"https:\/\/tumobiliario.com\/index.php\/producto\/mesa-para-cafeteria-restaurante-y-negocio\/","og_locale":"es_ES","og_type":"article","og_title":"Mesa para cafeter\u00eda, restaurante y negocio - TU MOBILIARIO","og_description":"Mesas para cafeter\u00eda, seg\u00fan el dise\u00f1o que escojas","og_url":"https:\/\/tumobiliario.com\/index.php\/producto\/mesa-para-cafeteria-restaurante-y-negocio\/","og_site_name":"TU MOBILIARIO","og_image":[{"width":871,"height":396,"url":"https:\/\/tumobiliario.com\/wp-content\/uploads\/2026\/02\/Captura-de-pantalla-2026-02-19-213758.png","type":"image\/png"}],"twitter_card":"summary_large_image","twitter_misc":{"Tiempo de lectura":"1 minuto"},"schema":{"@context":"https:\/\/schema.org","@graph":[{"@type":"WebPage","@id":"https:\/\/tumobiliario.com\/index.php\/producto\/mesa-para-cafeteria-restaurante-y-negocio\/","url":"https:\/\/tumobiliario.com\/index.php\/producto\/mesa-para-cafeteria-restaurante-y-negocio\/","name":"Mesa para cafeter\u00eda, restaurante y negocio - TU MOBILIARIO","isPartOf":{"@id":"https:\/\/tumobiliario.com\/#website"},"primaryImageOfPage":{"@id":"https:\/\/tumobiliario.com\/index.php\/producto\/mesa-para-cafeteria-restaurante-y-negocio\/#primaryimage"},"image":{"@id":"https:\/\/tumobiliario.com\/index.php\/producto\/mesa-para-cafeteria-restaurante-y-negocio\/#primaryimage"},"thumbnailUrl":"https:\/\/tumobiliario.com\/wp-content\/uploads\/2026\/02\/Captura-de-pantalla-2026-02-19-213758-300x136.png","datePublished":"2026-02-20T22:55:12+00:00","breadcrumb":{"@id":"https:\/\/tumobiliario.com\/index.php\/producto\/mesa-para-cafeteria-restaurante-y-negocio\/#breadcrumb"},"inLanguage":"es-CO","potentialAction":[{"@type":"ReadAction","target":["https:\/\/tumobiliario.com\/index.php\/producto\/mesa-para-cafeteria-restaurante-y-negocio\/"]}]},{"@type":"ImageObject","inLanguage":"es-CO","@id":"https:\/\/tumobiliario.com\/index.php\/producto\/mesa-para-cafeteria-restaurante-y-negocio\/#primaryimage","url":"https:\/\/tumobiliario.com\/wp-content\/uploads\/2026\/02\/Captura-de-pantalla-2026-02-19-213758.png","contentUrl":"https:\/\/tumobiliario.com\/wp-content\/uploads\/2026\/02\/Captura-de-pantalla-2026-02-19-213758.png","width":871,"height":396},{"@type":"BreadcrumbList","@id":"https:\/\/tumobiliario.com\/index.php\/producto\/mesa-para-cafeteria-restaurante-y-negocio\/#breadcrumb","itemListElement":[{"@type":"ListItem","position":1,"name":"Inicio","item":"https:\/\/tumobiliario.com\/"},{"@type":"ListItem","position":2,"name":"Tienda","item":"https:\/\/tumobiliario.com\/index.php\/tienda\/"},{"@type":"ListItem","position":3,"name":"Mesa para cafeter\u00eda, restaurante y negocio"}]},{"@type":"WebSite","@id":"https:\/\/tumobiliario.com\/#website","url":"https:\/\/tumobiliario.com\/","name":"TU MOBILIARIO","description":"TU MOBILIARIO.COM, TODDO EN MOBILIARIO PARAA OFICINAS, RESTAURANTES Y CAFETER\u00cdAS, COLEGIOS, SECTOR SALUDD , SILLAS DDE OFICINA,, ESCRITORIOS,  DE OFICINA, LOCKERS , ARCHIVADORES , MEJORAMOS TU COTIZACI\u00d3N","publisher":{"@id":"https:\/\/tumobiliario.com\/#organization"},"potentialAction":[{"@type":"SearchAction","target":{"@type":"EntryPoint","urlTemplate":"https:\/\/tumobiliario.com\/?s={search_term_string}"},"query-input":{"@type":"PropertyValueSpecification","valueRequired":true,"valueName":"search_term_string"}}],"inLanguage":"es-CO"},{"@type":"Organization","@id":"https:\/\/tumobiliario.com\/#organization","name":"TU MOBILIARIO","url":"https:\/\/tumobiliario.com\/","logo":{"@type":"ImageObject","inLanguage":"es-CO","@id":"https:\/\/tumobiliario.com\/#\/schema\/logo\/image\/","url":"https:\/\/tumobiliario.com\/wp-content\/uploads\/2025\/09\/tumobilaitio-2.gif","contentUrl":"https:\/\/tumobiliario.com\/wp-content\/uploads\/2025\/09\/tumobilaitio-2.gif","width":2048,"height":334,"caption":"TU MOBILIARIO"},"image":{"@id":"https:\/\/tumobiliario.com\/#\/schema\/logo\/image\/"}}]}},"_links":{"self":[{"href":"https:\/\/tumobiliario.com\/index.php\/wp-json\/wp\/v2\/product\/1907","targetHints":{"allow":["GET"]}}],"collection":[{"href":"https:\/\/tumobiliario.com\/index.php\/wp-json\/wp\/v2\/product"}],"about":[{"href":"https:\/\/tumobiliario.com\/index.php\/wp-json\/wp\/v2\/types\/product"}],"wp:attachment":[{"href":"https:\/\/tumobiliario.com\/index.php\/wp-json\/wp\/v2\/media?parent=1907"}],"wp:term":[{"taxonomy":"product_brand","embeddable":true,"href":"https:\/\/tumobiliario.com\/index.php\/wp-json\/wp\/v2\/product_brand?post=1907"},{"taxonomy":"product_cat","embeddable":true,"href":"https:\/\/tumobiliario.com\/index.php\/wp-json\/wp\/v2\/product_cat?post=1907"},{"taxonomy":"product_tag","embeddable":true,"href":"https:\/\/tumobiliario.com\/index.php\/wp-json\/wp\/v2\/product_tag?post=1907"}],"curies":[{"name":"wp","href":"https:\/\/api.w.org\/{rel}","templated":true}]}}